{"id":1459,"date":"2025-05-27T20:17:22","date_gmt":"2025-05-27T17:17:22","guid":{"rendered":"https:\/\/kolarinrhy.fi\/?page_id=1459"},"modified":"2025-08-25T19:17:33","modified_gmt":"2025-08-25T16:17:33","slug":"ampumarata","status":"publish","type":"page","link":"https:\/\/www.kolarinrhy.fi\/?page_id=1459","title":{"rendered":"Ampumarata"},"content":{"rendered":"\n<div class=\"wp-block-uagb-container uagb-block-25efe059 alignfull uagb-is-root-container\"><div class=\"uagb-container-inner-blocks-wrap\">\n<div class=\"wp-block-uagb-advanced-heading uagb-block-152b2cf8\"><h2 class=\"uagb-heading-text\">Ampumarata ja ratavaraukset<\/h2><\/div>\n<\/div><\/div>\n\n\n\n<div class=\"wp-block-uagb-container uagb-block-38824f7f alignfull uagb-is-root-container\"><div class=\"uagb-container-inner-blocks-wrap\">\n<div class=\"wp-block-uagb-container uagb-block-6c03b52c\">      \n\t\t\t<div class=\"uagb-icon-wrapper uagb-block-41644dcd      \"\n\t\t\tstyle=\"\" >\n\t\t\t\t\t\t\t\t\t<span class=\"uagb-svg-wrapper\" \n\t\t\t\t\t aria-label=\"person-booth\"\t\t\t\t\ttabindex=\"0\">\t\t\n\t\t\t\t\t\t\t\t\t\t<svg xmlns=\"https:\/\/www.w3.org\/2000\/svg\" viewBox= \"0 0 576 512\" role=\"graphics-symbol\" aria-hidden=\"false\" aria-label=\"\"><path d=\"M192 496C192 504.8 199.3 512 208 512h32C248.8 512 256 504.8 256 496V320H192V496zM544 0h-32v496c0 8.75 7.25 16 16 16h32c8.75 0 16-7.25 16-16V32C576 14.25 561.8 0 544 0zM64 128c26.5 0 48-21.5 48-48S90.5 32 64 32S16 53.5 16 80S37.5 128 64 128zM224 224H173.1L127.9 178.8C115.8 166.6 99.75 160 82.75 160H64C46.88 160 30.75 166.8 18.75 178.8c-12 12.12-18.72 28.22-18.72 45.35L0 480c0 17.75 14.25 32 31.88 32s32-14.25 32-32L64 379.3c.875 .5 1.625 1.375 2.5 1.75L95.63 424V480c0 17.75 14.25 32 32 32c17.62 0 32-14.25 32-32v-56.5c0-9.875-2.375-19.75-6.75-28.62l-41.13-61.25V253l20.88 20.88C141.8 283 153.8 288 166.5 288H224c17.75 0 32-14.25 32-32S241.8 224 224 224zM192 32v160h64V0H224C206.3 0 192 14.25 192 32zM288 32l31.5 223.1l-30.88 154.6C284.3 431.3 301.6 448 320 448c15.25 0 27.99-9.125 32.24-30.38C353.3 434.5 366.9 448 384 448c17.75 0 32-14.25 32-32c0 17.75 14.25 32 32 32s32-14.25 32-32V0h-192V32z\"><\/path><\/svg>\n\t\t\t\t\t\t\t\t\t<\/span>\n\t\t\t\t\t\t\t<\/div>\n\t\t\t<\/div>\n\n\n\n<div class=\"wp-block-uagb-container uagb-block-5363c580\">\n<div class=\"wp-block-uagb-advanced-heading uagb-block-6bd3a2bd\"><h5 class=\"uagb-heading-text\">Rhy:n ampumarata<\/h5><\/div>\n<\/div>\n<\/div><\/div>\n\n\n\n<div class=\"wp-block-uagb-container uagb-block-9fab9b45 alignfull uagb-is-root-container\"><div class=\"uagb-container-inner-blocks-wrap\">\n<div class=\"wp-block-uagb-info-box uagb-block-4b58602e uagb-infobox__content-wrap  uagb-infobox-icon-above-title uagb-infobox-image-valign-top\"><div class=\"uagb-ifb-content\"><div class=\"uagb-ifb-title-wrap\"><\/div><p class=\"uagb-ifb-desc\">Riistanhoitoyhdistyksen rata Pohjasenvaaran Soralehdossa on k\u00e4yt\u00f6ss\u00e4 lumettomana aikana. Radalla voi k\u00e4yd\u00e4 harjoittelemassa laukauksia paikallaan olevan kuvion lis\u00e4ksi liikkuvaan maaliin, vaikkei ampumakoe sit\u00e4 en\u00e4\u00e4 edellyt\u00e4k\u00e4\u00e4n.<br><br><strong>Huom! Rata on luvitettu luodikkoammuntaan, haulikkoammunta ei ole sallittua. Ampuminen radalla on kielletty klo 21-08.<\/strong><br><br>Paikalliset mets\u00e4st\u00e4j\u00e4t (Kolarin rhy:n j\u00e4senet) voivat hy\u00f6dynt\u00e4\u00e4 rataa harjoitusk\u00e4yt\u00f6ss\u00e4 virallisia ampumakoeajankohtia lukuun ottamatta. Kolarin rhy:n j\u00e4senille radan k\u00e4ytt\u00f6 on maksutonta.<br><br><strong>Ratavaraukset tekstiviestill\u00e4 toiminnanohjaajalle. <\/strong>Ampumarata-alue on aidattu ja lukittu. <strong>Avaimen noudosta ja palautuksesta sovitaan varauksen yhteydess\u00e4.<\/strong> Tarkista varattavissa olevat vapaat ajat t\u00e4m\u00e4n sivuston kalenterista.<br><br>Muilta kuin Kolarin rhy:n j\u00e4senilt\u00e4 ampumaradan k\u00e4ytt\u00f6maksu on 25 \u20ac\/k\u00e4ytt\u00f6kerta. Suuremmat ryhm\u00e4t sovitaan erikseen.<br><br><strong>Radalla k\u00e4ynnit tulee merkit\u00e4 ammuttajan kopissa olevaan vihkoon, rata-alue ja k\u00e4yt\u00f6ss\u00e4 olevat tilat siivota k\u00e4ynnin p\u00e4\u00e4tteeksi ja mahdolliset puutteet tai huoltotarpeet ilmoittaa toiminnanohjaajalle!<\/strong><br><br><\/p><\/div><\/div>\n<\/div><\/div>\n\n\n\n<div class=\"wp-block-uagb-container uagb-block-34e2fe14 alignfull uagb-is-root-container\"><div class=\"uagb-container-inner-blocks-wrap\">\r\n<div id='mc-948a6a8e8cd15db324902317a630b853' class='mc-main mcjs listjs gridjs minijs ajaxjs twentytwentytwo calendar month mc-948a6a8e8cd15db324902317a630b853 has-modal is-main-view' ><h2 id=\"mc_head_mc-948a6a8e8cd15db324902317a630b853\" class=\"heading my-calendar-month\"><span>Ratavaraukset huhtikuu 2026<\/span><\/h2>\n\n<nav class=\"my-calendar-navigation\" aria-label=\"Calendar (top)\">\n<div class=\"my-calendar-header\"><div class='mc-format'>\r\n\t\t<ul><li><button type='button' id='mc_grid-mc-948a6a8e8cd15db324902317a630b853' data-href='https:\/\/www.kolarinrhy.fi\/?page_id=1459&#038;format=calendar&#038;rest_route=\/wp\/v2\/pages\/1459' aria-pressed=\"true\" class='mc-navigation-button mc-grid-option mc-active'><span class='mc-icon' aria-hidden='true'><\/span><span class=\"maybe-hide\">View as <\/span>Grid<\/button><\/li><li><button type='button' id='mc_list-mc-948a6a8e8cd15db324902317a630b853' data-href='https:\/\/www.kolarinrhy.fi\/?page_id=1459&#038;format=list&#038;rest_route=\/wp\/v2\/pages\/1459'  class='mc-navigation-button mc-list-option'><span class='mc-icon' aria-hidden='true'><\/span><span class=\"maybe-hide\">View as <\/span>List<\/button><\/li><\/ul>\r\n\t\t<\/div><div class='mc-time'><ul><li><button type='button' id='mc_month-mc-948a6a8e8cd15db324902317a630b853' data-href='https:\/\/www.kolarinrhy.fi\/?page_id=1459&#038;cid=mc-948a6a8e8cd15db324902317a630b853&#038;rest_route=\/wp\/v2\/pages\/1459&#038;time=month' class='mc-navigation-button month mc-active' aria-pressed='true'>Month<\/button><\/li><li><button type='button' id='mc_week-mc-948a6a8e8cd15db324902317a630b853' data-href='https:\/\/www.kolarinrhy.fi\/?page_id=1459&#038;cid=mc-948a6a8e8cd15db324902317a630b853&#038;dy=6&#038;month=4&#038;rest_route=\/wp\/v2\/pages\/1459&#038;time=week&#038;yr=2026' class='mc-navigation-button week'>Viikko<\/button><\/li><li><button type='button' id='mc_day-mc-948a6a8e8cd15db324902317a630b853' data-href='https:\/\/www.kolarinrhy.fi\/?page_id=1459&#038;cid=mc-948a6a8e8cd15db324902317a630b853&#038;dy=6&#038;rest_route=\/wp\/v2\/pages\/1459&#038;time=day' class='mc-navigation-button day'>P\u00e4iv\u00e4<\/button><li><\/ul><\/div><div class=\"my-calendar-date-switcher\"><form class=\"mc-date-switcher\" action=\"https:\/\/www.kolarinrhy.fi?rest_route=\/wp\/v2\/pages\/1459\" method=\"get\"><div><input type=\"hidden\" name=\"cid\" value=\"mc-948a6a8e8cd15db324902317a630b853\" \/><input type=\"hidden\" name=\"rest_route\" value=\"\/wp\/v2\/pages\/1459\" \/> <label class=\"maybe-hide\" for=\"mc-948a6a8e8cd15db324902317a630b853-month\">Month<\/label> <select id=\"mc-948a6a8e8cd15db324902317a630b853-month\" name=\"month\">\n<option value='1'>tammikuu<\/option>\n<option value='2'>helmikuu<\/option>\n<option value='3'>maaliskuu<\/option>\n<option value='4' selected='selected'>huhtikuu<\/option>\n<option value='5'>toukokuu<\/option>\n<option value='6'>kes\u00e4kuu<\/option>\n<option value='7'>hein\u00e4kuu<\/option>\n<option value='8'>elokuu<\/option>\n<option value='9'>syyskuu<\/option>\n<option value='10'>lokakuu<\/option>\n<option value='11'>marraskuu<\/option>\n<option value='12'>joulukuu<\/option>\n<\/select>\n <label class=\"maybe-hide\" for=\"mc-948a6a8e8cd15db324902317a630b853-year\">Vuosi<\/label> <select id=\"mc-948a6a8e8cd15db324902317a630b853-year\" name=\"yr\">\n<option value=\"2025\">2025<\/option>\n<option value=\"2026\" selected='selected'>2026<\/option>\n<\/select> <input type=\"submit\" class=\"button\" id=\"mc-948a6a8e8cd15db324902317a630b853-button\" value=\"Siirry\" \/><\/div><\/form><\/div>\r\n\t\t<div class=\"my-calendar-nav\">\r\n\t\t\t<ul>\r\n\t\t\t\t<li class=\"my-calendar-prev\"><button type=\"button\" class=\"mc-navigation-button\" id=\"mc_previous_mc-948a6a8e8cd15db324902317a630b853\" data-href=\"https:\/\/www.kolarinrhy.fi\/?page_id=1459&#038;cid=mc-948a6a8e8cd15db324902317a630b853&#038;dy&#038;month=3&#038;rest_route=\/wp\/v2\/pages\/1459&#038;time=month&#038;yr=2026\"><span class=\"mc-icon\" aria-hidden=\"true\"><\/span>maaliskuu<\/button><\/li><li class=\"my-calendar-today\"><button type=\"button\" id=\"mc_today_mc-948a6a8e8cd15db324902317a630b853\" data-href=\"https:\/\/www.kolarinrhy.fi\/?page_id=1459&#038;cid=mc-948a6a8e8cd15db324902317a630b853&#038;rest_route=\/wp\/v2\/pages\/1459\" class=\"mc-navigation-button today mc-active\" aria-current=\"true\"><span class=\"mc-icon\" aria-hidden=\"true\"><\/span>T\u00e4n\u00e4\u00e4n<\/button><\/li>\r\n\t\t\t<\/ul>\r\n\t\t<\/div><\/div>\n<\/nav>\n<div class=\"mc-content\">\n<table class='my-calendar-table' aria-labelledby='mc_head_mc-948a6a8e8cd15db324902317a630b853'>\n<thead>\n\t<tr class='mc-row'>\n\t\t<th scope=\"col\" class='day-heading mon'><abbr title=\"maanantai\" aria-hidden=\"true\">ma<\/abbr><span class=\"screen-reader-text\">maanantai<\/span><\/th>\n\n\t\t<th scope=\"col\" class='day-heading tues'><abbr title=\"tiistai\" aria-hidden=\"true\">ti<\/abbr><span class=\"screen-reader-text\">tiistai<\/span><\/th>\n\n\t\t<th scope=\"col\" class='day-heading wed'><abbr title=\"keskiviikko\" aria-hidden=\"true\">ke<\/abbr><span class=\"screen-reader-text\">keskiviikko<\/span><\/th>\n\n\t\t<th scope=\"col\" class='day-heading thur'><abbr title=\"torstai\" aria-hidden=\"true\">to<\/abbr><span class=\"screen-reader-text\">torstai<\/span><\/th>\n\n\t\t<th scope=\"col\" class='day-heading fri'><abbr title=\"perjantai\" aria-hidden=\"true\">pe<\/abbr><span class=\"screen-reader-text\">perjantai<\/span><\/th>\n\n\t\t<th scope=\"col\" class='weekend-heading sat'><abbr title=\"lauantai\" aria-hidden=\"true\">la<\/abbr><span class=\"screen-reader-text\">lauantai<\/span><\/th>\n\n\t\t<th scope=\"col\" class='weekend-heading sun'><abbr title=\"sunnuntai\" aria-hidden=\"true\">su<\/abbr><span class=\"screen-reader-text\">sunnuntai<\/span><\/th>\n\t<\/tr>\n<\/thead>\n<tbody>\n<tr class='mc-row'><td class='no-events maanantai ma past-day past-date  nextmonth no-events day-with-date'><div class='mc-date-container'><span class='mc-date no-events'><span aria-hidden='true'>30<\/span><span class='screen-reader-text'>30.3.2026<\/span><\/span><\/div>\n<\/td>\n<td class='no-events tiistai ti past-day past-date  nextmonth no-events day-with-date'><div class='mc-date-container'><span class='mc-date no-events'><span aria-hidden='true'>31<\/span><span class='screen-reader-text'>31.3.2026<\/span><\/span><\/div>\n<\/td>\n<td class='no-events keskiviikko ke past-day past-date   no-events day-with-date'><div class='mc-date-container'><span class='mc-date no-events'><span aria-hidden='true'>1<\/span><span class='screen-reader-text'>1.4.2026<\/span><\/span><\/div>\n<\/td>\n<td class='no-events torstai to past-day past-date   no-events day-with-date'><div class='mc-date-container'><span class='mc-date no-events'><span aria-hidden='true'>2<\/span><span class='screen-reader-text'>2.4.2026<\/span><\/span><\/div>\n<\/td>\n<td class='no-events perjantai pe past-day past-date   no-events day-with-date'><div class='mc-date-container'><span class='mc-date no-events'><span aria-hidden='true'>3<\/span><span class='screen-reader-text'>3.4.2026<\/span><\/span><\/div>\n<\/td>\n<td class='no-events lauantai la past-day past-date weekend  no-events day-with-date'><div class='mc-date-container'><span class='mc-date no-events'><span aria-hidden='true'>4<\/span><span class='screen-reader-text'>4.4.2026<\/span><\/span><\/div>\n<\/td>\n<td class='no-events sunnuntai su past-day past-date weekend  no-events day-with-date'><div class='mc-date-container'><span class='mc-date no-events'><span aria-hidden='true'>5<\/span><span class='screen-reader-text'>5.4.2026<\/span><\/span><\/div>\n<\/td>\n<\/tr>\n<!-- End Event Row -->\n<tr class='mc-row'><td class='no-events maanantai ma past-day past-date   no-events day-with-date'><div class='mc-date-container'><span class='mc-date no-events'><span aria-hidden='true'>6<\/span><span class='screen-reader-text'>6.4.2026<\/span><\/span><\/div>\n<\/td>\n<td class='no-events tiistai ti past-day past-date   no-events day-with-date'><div class='mc-date-container'><span class='mc-date no-events'><span aria-hidden='true'>7<\/span><span class='screen-reader-text'>7.4.2026<\/span><\/span><\/div>\n<\/td>\n<td class='no-events keskiviikko ke past-day past-date   no-events day-with-date'><div class='mc-date-container'><span class='mc-date no-events'><span aria-hidden='true'>8<\/span><span class='screen-reader-text'>8.4.2026<\/span><\/span><\/div>\n<\/td>\n<td class='no-events torstai to past-day past-date   no-events day-with-date'><div class='mc-date-container'><span class='mc-date no-events'><span aria-hidden='true'>9<\/span><span class='screen-reader-text'>9.4.2026<\/span><\/span><\/div>\n<\/td>\n<td class='no-events perjantai pe past-day past-date   no-events day-with-date'><div class='mc-date-container'><span class='mc-date no-events'><span aria-hidden='true'>10<\/span><span class='screen-reader-text'>10.4.2026<\/span><\/span><\/div>\n<\/td>\n<td class='no-events lauantai la past-day past-date weekend  no-events day-with-date'><div class='mc-date-container'><span class='mc-date no-events'><span aria-hidden='true'>11<\/span><span class='screen-reader-text'>11.4.2026<\/span><\/span><\/div>\n<\/td>\n<td class='no-events sunnuntai su past-day past-date weekend  no-events day-with-date'><div class='mc-date-container'><span class='mc-date no-events'><span aria-hidden='true'>12<\/span><span class='screen-reader-text'>12.4.2026<\/span><\/span><\/div>\n<\/td>\n<\/tr>\n<!-- End Event Row -->\n<tr class='mc-row'><td class='no-events maanantai ma past-day past-date   no-events day-with-date'><div class='mc-date-container'><span class='mc-date no-events'><span aria-hidden='true'>13<\/span><span class='screen-reader-text'>13.4.2026<\/span><\/span><\/div>\n<\/td>\n<td class='no-events tiistai ti past-day past-date   no-events day-with-date'><div class='mc-date-container'><span class='mc-date no-events'><span aria-hidden='true'>14<\/span><span class='screen-reader-text'>14.4.2026<\/span><\/span><\/div>\n<\/td>\n<td class='no-events keskiviikko ke past-day past-date   no-events day-with-date'><div class='mc-date-container'><span class='mc-date no-events'><span aria-hidden='true'>15<\/span><span class='screen-reader-text'>15.4.2026<\/span><\/span><\/div>\n<\/td>\n<td class='no-events torstai to past-day past-date   no-events day-with-date'><div class='mc-date-container'><span class='mc-date no-events'><span aria-hidden='true'>16<\/span><span class='screen-reader-text'>16.4.2026<\/span><\/span><\/div>\n<\/td>\n<td class='no-events perjantai pe past-day past-date   no-events day-with-date'><div class='mc-date-container'><span class='mc-date no-events'><span aria-hidden='true'>17<\/span><span class='screen-reader-text'>17.4.2026<\/span><\/span><\/div>\n<\/td>\n<td class='no-events lauantai la past-day past-date weekend  no-events day-with-date'><div class='mc-date-container'><span class='mc-date no-events'><span aria-hidden='true'>18<\/span><span class='screen-reader-text'>18.4.2026<\/span><\/span><\/div>\n<\/td>\n<td class='no-events sunnuntai su past-day past-date weekend  no-events day-with-date'><div class='mc-date-container'><span class='mc-date no-events'><span aria-hidden='true'>19<\/span><span class='screen-reader-text'>19.4.2026<\/span><\/span><\/div>\n<\/td>\n<\/tr>\n<!-- End Event Row -->\n<tr class='mc-row'><td class='no-events maanantai ma past-day past-date   no-events day-with-date'><div class='mc-date-container'><span class='mc-date no-events'><span aria-hidden='true'>20<\/span><span class='screen-reader-text'>20.4.2026<\/span><\/span><\/div>\n<\/td>\n<td class='no-events tiistai ti past-day past-date   no-events day-with-date'><div class='mc-date-container'><span class='mc-date no-events'><span aria-hidden='true'>21<\/span><span class='screen-reader-text'>21.4.2026<\/span><\/span><\/div>\n<\/td>\n<td class='no-events keskiviikko ke past-day past-date   no-events day-with-date'><div class='mc-date-container'><span class='mc-date no-events'><span aria-hidden='true'>22<\/span><span class='screen-reader-text'>22.4.2026<\/span><\/span><\/div>\n<\/td>\n<td class='no-events torstai to past-day past-date   no-events day-with-date'><div class='mc-date-container'><span class='mc-date no-events'><span aria-hidden='true'>23<\/span><span class='screen-reader-text'>23.4.2026<\/span><\/span><\/div>\n<\/td>\n<td class='no-events perjantai pe past-day past-date   no-events day-with-date'><div class='mc-date-container'><span class='mc-date no-events'><span aria-hidden='true'>24<\/span><span class='screen-reader-text'>24.4.2026<\/span><\/span><\/div>\n<\/td>\n<td class='no-events lauantai la past-day past-date weekend  no-events day-with-date'><div class='mc-date-container'><span class='mc-date no-events'><span aria-hidden='true'>25<\/span><span class='screen-reader-text'>25.4.2026<\/span><\/span><\/div>\n<\/td>\n<td class='no-events sunnuntai su past-day past-date weekend  no-events day-with-date'><div class='mc-date-container'><span class='mc-date no-events'><span aria-hidden='true'>26<\/span><span class='screen-reader-text'>26.4.2026<\/span><\/span><\/div>\n<\/td>\n<\/tr>\n<!-- End Event Row -->\n<tr class='mc-row'><td class='no-events maanantai ma past-day past-date   no-events day-with-date'><div class='mc-date-container'><span class='mc-date no-events'><span aria-hidden='true'>27<\/span><span class='screen-reader-text'>27.4.2026<\/span><\/span><\/div>\n<\/td>\n<td class='no-events tiistai ti past-day past-date   no-events day-with-date'><div class='mc-date-container'><span class='mc-date no-events'><span aria-hidden='true'>28<\/span><span class='screen-reader-text'>28.4.2026<\/span><\/span><\/div>\n<\/td>\n<td class='no-events keskiviikko ke past-day past-date   no-events day-with-date'><div class='mc-date-container'><span class='mc-date no-events'><span aria-hidden='true'>29<\/span><span class='screen-reader-text'>29.4.2026<\/span><\/span><\/div>\n<\/td>\n<td aria-current=\"date\" class='no-events torstai to current-day   no-events day-with-date'><div class='mc-date-container'><span class='mc-date no-events'><span aria-hidden='true'>30<\/span><span class='screen-reader-text'>30.4.2026<\/span><\/span><\/div>\n<\/td>\n<td class='no-events perjantai pe future-day  nextmonth no-events day-with-date'><div class='mc-date-container'><span class='mc-date no-events'><span aria-hidden='true'>1<\/span><span class='screen-reader-text'>1.5.2026<\/span><\/span><\/div>\n<\/td>\n<td class='no-events lauantai la future-day weekend nextmonth no-events day-with-date'><div class='mc-date-container'><span class='mc-date no-events'><span aria-hidden='true'>2<\/span><span class='screen-reader-text'>2.5.2026<\/span><\/span><\/div>\n<\/td>\n<td class='no-events sunnuntai su future-day weekend nextmonth no-events day-with-date'><div class='mc-date-container'><span class='mc-date no-events'><span aria-hidden='true'>3<\/span><span class='screen-reader-text'>3.5.2026<\/span><\/span><\/div>\n<\/td>\n<\/tr>\n<!-- End Event Row -->\n\n<\/tbody>\n<\/table><\/div><!-- .mc-content -->\n<nav class=\"my-calendar-navigation\" aria-label=\"Calendar (bottom)\">\n<div class=\"mc_bottomnav my-calendar-footer\"><div class=\"category-key has-icons\"><h3 class=\"maybe-hide\">Kategoriat<\/h3>\n<ul>\n<li class=\"cat_general\"><button type=\"button\" class=\"mc-navigation-button\" id=\"mc_cat_1-mc-948a6a8e8cd15db324902317a630b853\" data-href=\"https:\/\/www.kolarinrhy.fi\/?page_id=1459&#038;mcat=1&#038;rest_route=\/wp\/v2\/pages\/1459\" ><span class=\"category-color-sample no-icon\" style=\"background:#243f82;\"> &nbsp; <\/span><span class=\"mc-category-title\">General<\/span><\/button><\/li><li class='all-categories'><span class='mc-active' id='mc_cat_all-mc-948a6a8e8cd15db324902317a630b853' tabindex='-1'>Kaikki Kategoriat<\/span><\/li><\/ul><\/div><div class='mc-print'><a id='mc_print-mc-948a6a8e8cd15db324902317a630b853' href='https:\/\/www.kolarinrhy.fi?cid=mc-print-view&#038;dy=1&#038;href=https%3A%2F%2Fwww.kolarinrhy.fi%3Frest_route%3D%2Fwp%2Fv2%2Fpages%2F1459&#038;month=4&#038;rest_route=\/wp\/v2\/pages\/1459&#038;time=month&#038;yr=2026' rel='nofollow'><span class='mc-icon' aria-hidden='true'><\/span>Esikatsele<\/a><\/div><\/div>\n<\/nav>\n\r\n<\/div><!-- Close Main My Calendar Wrapper -->\n<\/div><\/div>\n","protected":false},"excerpt":{"rendered":"<p>Ampumarata ja ratavaraukset Rhy:n ampumarata<\/p>\n","protected":false},"author":1,"featured_media":0,"parent":0,"menu_order":0,"comment_status":"closed","ping_status":"closed","template":"","meta":{"_uag_custom_page_level_css":"","site-sidebar-layout":"no-sidebar","site-content-layout":"plain-container","ast-site-content-layout":"full-width-container","site-content-style":"unboxed","site-sidebar-style":"unboxed","ast-global-header-display":"","ast-banner-title-visibility":"","ast-main-header-display":"","ast-hfb-above-header-display":"","ast-hfb-below-header-display":"","ast-hfb-mobile-header-display":"","site-post-title":"disabled","ast-breadcrumbs-content":"","ast-featured-img":"disabled","footer-sml-layout":"","ast-disable-related-posts":"","theme-transparent-header-meta":"enabled","adv-header-id-meta":"","stick-header-meta":"","header-above-stick-meta":"","header-main-stick-meta":"","header-below-stick-meta":"","astra-migrate-meta-layouts":"set","ast-page-background-enabled":"default","ast-page-background-meta":{"desktop":{"background-color":"","background-image":"","background-repeat":"repeat","background-position":"center center","background-size":"auto","background-attachment":"scroll","background-type":"","background-media":"","overlay-type":"","overlay-color":"","overlay-opacity":"","overlay-gradient":""},"tablet":{"background-color":"","background-image":"","background-repeat":"repeat","background-position":"center center","background-size":"auto","background-attachment":"scroll","background-type":"","background-media":"","overlay-type":"","overlay-color":"","overlay-opacity":"","overlay-gradient":""},"mobile":{"background-color":"","background-image":"","background-repeat":"repeat","background-position":"center center","background-size":"auto","background-attachment":"scroll","background-type":"","background-media":"","overlay-type":"","overlay-color":"","overlay-opacity":"","overlay-gradient":""}},"ast-content-background-meta":{"desktop":{"background-color":"var(--ast-global-color-5)","background-image":"","background-repeat":"repeat","background-position":"center center","background-size":"auto","background-attachment":"scroll","background-type":"","background-media":"","overlay-type":"","overlay-color":"","overlay-opacity":"","overlay-gradient":""},"tablet":{"background-color":"var(--ast-global-color-5)","background-image":"","background-repeat":"repeat","background-position":"center center","background-size":"auto","background-attachment":"scroll","background-type":"","background-media":"","overlay-type":"","overlay-color":"","overlay-opacity":"","overlay-gradient":""},"mobile":{"background-color":"var(--ast-global-color-5)","background-image":"","background-repeat":"repeat","background-position":"center center","background-size":"auto","background-attachment":"scroll","background-type":"","background-media":"","overlay-type":"","overlay-color":"","overlay-opacity":"","overlay-gradient":""}},"_mc_calendar":{"weekends":"true","shortcode":"[my_calendar weekends=&quot;true&quot;]","append":""},"footnotes":""},"class_list":["post-1459","page","type-page","status-publish","hentry"],"uagb_featured_image_src":{"full":false,"thumbnail":false,"medium":false,"medium_large":false,"large":false,"1536x1536":false,"2048x2048":false},"uagb_author_info":{"display_name":"Ari Unga","author_link":"https:\/\/www.kolarinrhy.fi\/?author=1"},"uagb_comment_info":0,"uagb_excerpt":"Ampumarata ja ratavaraukset Rhy:n ampumarata","_links":{"self":[{"href":"https:\/\/www.kolarinrhy.fi\/index.php?rest_route=\/wp\/v2\/pages\/1459","targetHints":{"allow":["GET"]}}],"collection":[{"href":"https:\/\/www.kolarinrhy.fi\/index.php?rest_route=\/wp\/v2\/pages"}],"about":[{"href":"https:\/\/www.kolarinrhy.fi\/index.php?rest_route=\/wp\/v2\/types\/page"}],"author":[{"embeddable":true,"href":"https:\/\/www.kolarinrhy.fi\/index.php?rest_route=\/wp\/v2\/users\/1"}],"replies":[{"embeddable":true,"href":"https:\/\/www.kolarinrhy.fi\/index.php?rest_route=%2Fwp%2Fv2%2Fcomments&post=1459"}],"version-history":[{"count":14,"href":"https:\/\/www.kolarinrhy.fi\/index.php?rest_route=\/wp\/v2\/pages\/1459\/revisions"}],"predecessor-version":[{"id":1631,"href":"https:\/\/www.kolarinrhy.fi\/index.php?rest_route=\/wp\/v2\/pages\/1459\/revisions\/1631"}],"wp:attachment":[{"href":"https:\/\/www.kolarinrhy.fi\/index.php?rest_route=%2Fwp%2Fv2%2Fmedia&parent=1459"}],"curies":[{"name":"wp","href":"https:\/\/api.w.org\/{rel}","templated":true}]}}