{"id":913,"date":"2025-05-26T20:11:07","date_gmt":"2025-05-26T17:11:07","guid":{"rendered":"https:\/\/kolarinrhy.fi\/about\/"},"modified":"2025-08-25T19:15:36","modified_gmt":"2025-08-25T16:15:36","slug":"about","status":"publish","type":"page","link":"https:\/\/www.kolarinrhy.fi\/","title":{"rendered":"Etusivu"},"content":{"rendered":"\n<div class=\"wp-block-uagb-container uagb-block-25efe059 alignfull uagb-is-root-container\"><div class=\"uagb-container-inner-blocks-wrap\">\n<div class=\"wp-block-uagb-advanced-heading uagb-block-152b2cf8\"><h2 class=\"uagb-heading-text\">Kolarin riistanhoitoyhdistys<\/h2><\/div>\n<\/div><\/div>\n\n\n\n<div class=\"wp-block-uagb-container uagb-block-08029951 alignfull uagb-is-root-container\"><div class=\"uagb-container-inner-blocks-wrap\">\n<div class=\"wp-block-uagb-container uagb-block-de6d2de3\">      \n\t\t\t<div class=\"uagb-icon-wrapper uagb-block-a9e92afa      \"\n\t\t\tstyle=\"\" >\n\t\t\t\t\t\t\t\t\t<span class=\"uagb-svg-wrapper\" \n\t\t\t\t\t aria-label=\"comment-dots\"\t\t\t\t\ttabindex=\"0\">\t\t\n\t\t\t\t\t\t\t\t\t\t<svg xmlns=\"https:\/\/www.w3.org\/2000\/svg\" viewBox= \"0 0 512 512\" role=\"graphics-symbol\" aria-hidden=\"false\" aria-label=\"\"><path d=\"M256 31.1c-141.4 0-255.1 93.12-255.1 208c0 49.62 21.35 94.98 56.97 130.7c-12.5 50.37-54.27 95.27-54.77 95.77c-2.25 2.25-2.875 5.734-1.5 8.734c1.249 3 4.021 4.766 7.271 4.766c66.25 0 115.1-31.76 140.6-51.39c32.63 12.25 69.02 19.39 107.4 19.39c141.4 0 255.1-93.13 255.1-207.1S397.4 31.1 256 31.1zM127.1 271.1c-17.75 0-32-14.25-32-31.1s14.25-32 32-32s32 14.25 32 32S145.7 271.1 127.1 271.1zM256 271.1c-17.75 0-31.1-14.25-31.1-31.1s14.25-32 31.1-32s31.1 14.25 31.1 32S273.8 271.1 256 271.1zM383.1 271.1c-17.75 0-32-14.25-32-31.1s14.25-32 32-32s32 14.25 32 32S401.7 271.1 383.1 271.1z\"><\/path><\/svg>\n\t\t\t\t\t\t\t\t\t<\/span>\n\t\t\t\t\t\t\t<\/div>\n\t\t\t<\/div>\n\n\n\n<div class=\"wp-block-uagb-container uagb-block-417955d0\">\n<div class=\"wp-block-uagb-advanced-heading uagb-block-d3ed6709\"><h2 class=\"uagb-heading-text\">Ajankohtaiset<\/h2><\/div>\n<\/div>\n<\/div><\/div>\n\n\n\n<div class=\"wp-block-uagb-container uagb-block-41e0aa01 alignfull uagb-is-root-container\"><div class=\"uagb-container-inner-blocks-wrap\">\n\t\t\t<div class=\"wp-block-uagb-post-grid uagb-post-grid  uagb-post__image-position-top uagb-post__image-enabled uagb-block-14b4e3e3     uagb-post__items uagb-post__columns-1 is-grid uagb-post__columns-tablet-2 uagb-post__columns-mobile-1\" data-total=\"2\" style=\"\">\n\n\t\t\t\t\t\t\t\t\t\t\t\t<article class=\"uagb-post__inner-wrap\">\t\t\t\t\t\t\t\t<div class='uagb-post__text uagb-post-grid-byline'>\n\t\t\t\t\t\t\t\t<time datetime=\"2026-01-27T10:04:48+02:00\" class=\"uagb-post__date\">\n\t\t\t\t<span class=\"dashicons-calendar dashicons\"><\/span>\t\t\t\t\t27.1.2026\t\t\t\t<\/time>\n\t\t\t\t\t\t<\/div>\n\t\t\t\t\t\t\t<div class='uagb-post__text uagb-post__excerpt'>\n\t\t\t\t\t<!-- wp:paragraph {\"style\":{\"elements\":{\"link\":{\"color\":{\"text\":\"var:preset|color|ast-global-color-0\"}}}},\"textColor\":\"ast-global-color-0\",\"fontSize\":\"medium\"} -->\n<p class=\"has-ast-global-color-0-color has-text-color has-link-color has-medium-font-size\"><strong>RIISTANHOITOVUOSI<\/strong><\/p>\n<!-- \/wp:paragraph -->\n\n<!-- wp:paragraph -->\n<p>Kolarin riistanhoitoyhdistyksen vuotuiseen tapahtumaan, riistanhoitovuosi, voivat osallistua Kolarin rhy:n j\u00e4senet (206). Tapahtumassa on kaksi sarjaa: yleinen ja nuoret (alle 18-vuotiaat). Riistanhoitoty\u00f6t suoritetaan Kolarin rhy:n toimialueella (Kolarin kunta)<\/p>\n<!-- \/wp:paragraph -->\n\n<!-- wp:paragraph -->\n<p><\/p>\n<!-- \/wp:paragraph -->\n\n<!-- wp:uagb\/image-gallery {\"block_id\":\"bf897bfc\",\"classMigrate\":true,\"readyToRender\":true,\"feedMarginTop\":0,\"feedMarginRight\":0,\"feedMarginBottom\":0,\"feedMarginLeft\":0} \/-->\n\n<!-- wp:uagb\/image-gallery {\"block_id\":\"277557c8\",\"classMigrate\":true,\"readyToRender\":true,\"feedMarginTop\":0,\"feedMarginRight\":0,\"feedMarginBottom\":0,\"feedMarginLeft\":0} \/-->\n\n<!-- wp:uagb\/image-gallery {\"block_id\":\"9416cea0\",\"classMigrate\":true,\"readyToRender\":true,\"feedMarginTop\":0,\"feedMarginRight\":0,\"feedMarginBottom\":0,\"feedMarginLeft\":0} \/-->\n\n<!-- wp:file {\"id\":1700,\"href\":\"https:\/\/www.kolarinrhy.fi\/wp-content\/uploads\/2026\/01\/Riistanhoitovuoden-saannot-Kolarin-rhy-2.pdf\",\"showDownloadButton\":false,\"displayPreview\":false} -->\n<div class=\"wp-block-file\"><a id=\"wp-block-file--media-f74e8e7e-bcd3-4d68-a464-04b228730e40\" href=\"https:\/\/www.kolarinrhy.fi\/wp-content\/uploads\/2026\/01\/Riistanhoitovuoden-saannot-Kolarin-rhy-2.pdf\" target=\"_blank\" rel=\"noreferrer noopener\">Riistanhoitovuoden s\u00e4\u00e4nn\u00f6t Kolarin rhy<\/a><\/div>\n<!-- \/wp:file -->\n\n<!-- wp:file {\"id\":1699,\"href\":\"https:\/\/www.kolarinrhy.fi\/wp-content\/uploads\/2026\/01\/Riistanhoitovuoden-osallistumislomake-Kolarin-rhy-2.pdf\",\"displayPreview\":false} -->\n<div class=\"wp-block-file\"><a id=\"wp-block-file--media-69523668-18a5-4aeb-97cf-72574d165329\" href=\"https:\/\/www.kolarinrhy.fi\/wp-content\/uploads\/2026\/01\/Riistanhoitovuoden-osallistumislomake-Kolarin-rhy-2.pdf\">Riistanhoitovuoden osallistumislomake Kolarin rhy<\/a><a href=\"https:\/\/www.kolarinrhy.fi\/wp-content\/uploads\/2026\/01\/Riistanhoitovuoden-osallistumislomake-Kolarin-rhy-2.pdf\" class=\"wp-block-file__button wp-element-button\" download aria-describedby=\"wp-block-file--media-69523668-18a5-4aeb-97cf-72574d165329\">Lataa<\/a><\/div>\n<!-- \/wp:file -->\t\t\t\t<\/div>\n\t\t\t\n\t\t\t\t\t\t\t\t\t<\/article>\n\t\t\t\t\t\t\t\t\t\t\t\t\t\t\t\t<article class=\"uagb-post__inner-wrap\">\t\t\t\t\t\t\t\t<div class='uagb-post__text uagb-post-grid-byline'>\n\t\t\t\t\t\t\t\t<time datetime=\"2026-01-10T12:42:37+02:00\" class=\"uagb-post__date\">\n\t\t\t\t<span class=\"dashicons-calendar dashicons\"><\/span>\t\t\t\t\t10.1.2026\t\t\t\t<\/time>\n\t\t\t\t\t\t<\/div>\n\t\t\t\t\t\t\t<div class='uagb-post__text uagb-post__excerpt'>\n\t\t\t\t\t<!-- wp:paragraph {\"style\":{\"elements\":{\"link\":{\"color\":{\"text\":\"var:preset|color|ast-global-color-0\"}}},\"typography\":{\"textTransform\":\"capitalize\"}},\"textColor\":\"ast-global-color-0\",\"fontSize\":\"medium\"} -->\n<p class=\"has-ast-global-color-0-color has-text-color has-link-color has-medium-font-size\" style=\"text-transform:capitalize\"><strong>AJANKOHTAISET TAPAHTUMAT<\/strong><\/p>\n<!-- \/wp:paragraph -->\n\n<!-- wp:paragraph -->\n<p><strong>Suomen riistakeskuksen tapahtumahaku<\/strong><br><br>Suomen riistakeskuksen ja riistanhoitoyhdistysten ajankohtaiset tapahtumat riistakeskuksen www-sivujen tapahtumahausta:&nbsp;<a href=\"https:\/\/riista.fi\/metsastys\/tapahtumahaku\/\">https:\/\/riista.fi\/metsastys\/tapahtumahaku\/<\/a><\/p>\n<!-- \/wp:paragraph -->\n\n<!-- wp:paragraph -->\n<p><\/p>\n<!-- \/wp:paragraph -->\t\t\t\t<\/div>\n\t\t\t\n\t\t\t\t\t\t\t\t\t<\/article>\n\t\t\t\t\t\t\t\t\t\t\t\t\t\t\t\t<article class=\"uagb-post__inner-wrap\">\t\t\t\t\t\t\t\t<div class='uagb-post__text uagb-post-grid-byline'>\n\t\t\t\t\t\t\t\t<time datetime=\"2024-08-15T09:00:00+03:00\" class=\"uagb-post__date\">\n\t\t\t\t<span class=\"dashicons-calendar dashicons\"><\/span>\t\t\t\t\t15.8.2024\t\t\t\t<\/time>\n\t\t\t\t\t\t<\/div>\n\t\t\t\t\t\t\t<div class='uagb-post__text uagb-post__excerpt'>\n\t\t\t\t\t<!-- wp:paragraph {\"style\":{\"elements\":{\"link\":{\"color\":{\"text\":\"var:preset|color|ast-global-color-0\"}}}},\"textColor\":\"ast-global-color-0\",\"fontSize\":\"medium\"} -->\n<p class=\"has-ast-global-color-0-color has-text-color has-link-color has-medium-font-size\"><strong>AMPUMARATA<\/strong><\/p>\n<!-- \/wp:paragraph -->\n\n<!-- wp:paragraph -->\n<p>Riistanhoitoyhdistyksen rata Pohjasenvaaran Soralehdossa on k\u00e4yt\u00f6ss\u00e4 lumettomana aikana. Radalla voi k\u00e4yd\u00e4 harjoittelemassa laukauksia paikallaan olevan kuvion lis\u00e4ksi liikkuvaan maaliin, vaikkei ampumakoe sit\u00e4 en\u00e4\u00e4 edellyt\u00e4k\u00e4\u00e4n.<\/p>\n<!-- \/wp:paragraph -->\n\n<!-- wp:paragraph -->\n<p><strong>Huom! Rata on luvitettu luodikkoammuntaan, haulikkoammunta ei ole sallittua.<\/strong><\/p>\n<!-- \/wp:paragraph -->\n\n<!-- wp:paragraph -->\n<p><strong>Ampuminen radalla on kielletty klo 21-08.<\/strong><\/p>\n<!-- \/wp:paragraph -->\n\n<!-- wp:paragraph -->\n<p>Paikalliset mets\u00e4st\u00e4j\u00e4t (Kolarin rhy:n j\u00e4senet) voivat hy\u00f6dynt\u00e4\u00e4 rataa harjoitusk\u00e4yt\u00f6ss\u00e4 virallisia ampumakoeajankohtia lukuun ottamatta. Kolarin rhy:n j\u00e4senille radan k\u00e4ytt\u00f6 on maksutonta.<\/p>\n<!-- \/wp:paragraph -->\n\n<!-- wp:paragraph -->\n<p><strong>Ratavaraukset tekstiviestill\u00e4 toiminnanohjaajalle. <\/strong>Ampumarata-alue on aidattu ja lukittu. <strong>Avaimen noudosta ja palautuksesta sovitaan varauksen yhteydess\u00e4.<\/strong> Tarkista varattavissa olevat vapaat ajat t\u00e4m\u00e4n sivuston kalenterista.<\/p>\n<!-- \/wp:paragraph -->\n\n<!-- wp:paragraph -->\n<p>Muilta kuin Kolarin rhy:n j\u00e4senilt\u00e4 ampumaradan k\u00e4ytt\u00f6maksu on 25 \u20ac\/k\u00e4ytt\u00f6kerta. Suuremmat ryhm\u00e4t sovitaan erikseen.<\/p>\n<!-- \/wp:paragraph -->\n\n<!-- wp:paragraph -->\n<p><strong>Radalla k\u00e4ynnit tulee merkit\u00e4 ammuttajan kopissa olevaan vihkoon, rata-alue ja k\u00e4yt\u00f6ss\u00e4 olevat tilat siivota k\u00e4ynnin p\u00e4\u00e4tteeksi ja mahdolliset puutteet tai huoltotarpeet ilmoittaa toiminnanohjaajalle!<\/strong><\/p>\n<!-- \/wp:paragraph -->\t\t\t\t<\/div>\n\t\t\t\n\t\t\t\t\t\t\t\t\t<\/article>\n\t\t\t\t\t\t\t\t\t\t\t\t\t\t\t\t<article class=\"uagb-post__inner-wrap\">\t\t\t\t\t\t\t\t<div class='uagb-post__text uagb-post-grid-byline'>\n\t\t\t\t\t\t\t\t<time datetime=\"2020-06-18T09:01:27+03:00\" class=\"uagb-post__date\">\n\t\t\t\t<span class=\"dashicons-calendar dashicons\"><\/span>\t\t\t\t\t18.6.2020\t\t\t\t<\/time>\n\t\t\t\t\t\t<\/div>\n\t\t\t\t\t\t\t<div class='uagb-post__text uagb-post__excerpt'>\n\t\t\t\t\t<!-- wp:paragraph {\"style\":{\"elements\":{\"link\":{\"color\":{\"text\":\"var:preset|color|ast-global-color-0\"}}}},\"textColor\":\"ast-global-color-0\",\"fontSize\":\"medium\"} -->\n<p class=\"has-ast-global-color-0-color has-text-color has-link-color has-medium-font-size\"><strong>RHY:N J\u00c4SENYYS<\/strong><\/p>\n<!-- \/wp:paragraph -->\n\n<!-- wp:paragraph -->\n<p><strong>Mets\u00e4st\u00e4j\u00e4 voi kuulua j\u00e4senen\u00e4 siihen riistanhoitoyhdistykseen, jonka toiminta-alueella h\u00e4n p\u00e4\u00e4asiassa mets\u00e4st\u00e4\u00e4, tai<\/strong> <strong>jonka toiminta-alueella olevassa kunnassa h\u00e4nell\u00e4 on kotipaikka.<\/strong> Samanaikaisesti ei voi olla usean riistanhoitoyhdistyksen j\u00e4sen. J\u00e4senyys ei my\u00f6sk\u00e4\u00e4n ole pakollinen.<\/p>\n<!-- \/wp:paragraph -->\n\n<!-- wp:paragraph -->\n<p>Mets\u00e4st\u00e4j\u00e4n kannattaa kuulua siihen riistanhoitoyhdistykseen, jonka alueella h\u00e4nell\u00e4 on esim. mets\u00e4stysseuran j\u00e4senyys tai muu vakiintunut mets\u00e4stysmahdollisuus. <strong>N\u00e4in h\u00e4nell\u00e4 on mahdollisuus vaikuttaa mets\u00e4stysaluettaan koskeviin asioihin riistanhoitoyhdistyksen kokouksessa.<\/strong><\/p>\n<!-- \/wp:paragraph -->\t\t\t\t<\/div>\n\t\t\t\n\t\t\t\t\t\t\t\t\t<\/article>\n\t\t\t\t\t\t\t\t\t\t\t\t\t\t\t\t<article class=\"uagb-post__inner-wrap\">\t\t\t\t\t\t\t\t<div class='uagb-post__text uagb-post-grid-byline'>\n\t\t\t\t\t\t\t\t<time datetime=\"2020-03-18T09:02:49+02:00\" class=\"uagb-post__date\">\n\t\t\t\t<span class=\"dashicons-calendar dashicons\"><\/span>\t\t\t\t\t18.3.2020\t\t\t\t<\/time>\n\t\t\t\t\t\t<\/div>\n\t\t\t\t\t\t\t<div class='uagb-post__text uagb-post__excerpt'>\n\t\t\t\t\t<!-- wp:paragraph {\"style\":{\"elements\":{\"link\":{\"color\":{\"text\":\"var:preset|color|ast-global-color-0\"}}},\"typography\":{\"textTransform\":\"capitalize\",\"lineHeight\":\"1\"}},\"textColor\":\"ast-global-color-0\",\"fontSize\":\"medium\"} -->\n<p class=\"has-ast-global-color-0-color has-text-color has-link-color has-medium-font-size\" style=\"line-height:1;text-transform:capitalize\"><strong>OMA RIISTA<\/strong><\/p>\n<!-- \/wp:paragraph -->\n\n<!-- wp:paragraph -->\n<p><a href=\"https:\/\/oma.riista.fi\/#\/login\" target=\"_blank\" rel=\"noreferrer noopener\">Oma riista<\/a> on Suomen riistakeskuksen helppok\u00e4ytt\u00f6inen s\u00e4hk\u00f6isen asioinnin palvelu mets\u00e4st\u00e4jille.<\/p>\n<!-- \/wp:paragraph -->\n\n<!-- wp:paragraph -->\n<p>Mets\u00e4st\u00e4j\u00e4 voi verkkopalvelun lis\u00e4ksi k\u00e4ytt\u00e4\u00e4 Oma riista -mobiilisovelluksia (Android, iOS) saalistietojen helppoon, nopeaan ja tarkkaan kirjaamiseen maastosta.<\/p>\n<!-- \/wp:paragraph -->\n\n<!-- wp:paragraph -->\n<p>Kun mets\u00e4st\u00e4j\u00e4 maksaa riistanhoitomaksun, p\u00e4ivittyy tieto viikon p\u00e4\u00e4st\u00e4 my\u00f6s&nbsp;Oma riista -palveluun. N\u00e4in s\u00e4hk\u00f6inen mets\u00e4styskortti kulkee aina mets\u00e4st\u00e4j\u00e4n mukana \u00e4lypuhelimessa.<\/p>\n<!-- \/wp:paragraph -->\n\n<!-- wp:paragraph -->\n<p><strong>Oma riista -palveluun&nbsp;rekister\u00f6ityminen ja sen k\u00e4ytt\u00f6 on ilmaista.<\/strong> Oma riista -tunnusten luomiseksi&nbsp;tarvitset vain henkil\u00f6kohtaisen s\u00e4hk\u00f6postiosoitteen, henkil\u00f6kohtaiset verkkopankkitunnukset tai mobiilivarmenteen sek\u00e4 matkapuhelinnumeron.<\/p>\n<!-- \/wp:paragraph -->\n\n<!-- wp:paragraph -->\n<p>Rekister\u00f6ityminen Oma riista.fi -palveluun:&nbsp;<a href=\"https:\/\/oma.riista.fi\/#\/register\/send-email\" target=\"_blank\" rel=\"noreferrer noopener\">https:\/\/oma.riista.fi\/#\/register\/send-email<\/a>.<\/p>\n<!-- \/wp:paragraph -->\n\n<!-- wp:paragraph -->\n<p>Ohjeita palvelun k\u00e4ytt\u00f6\u00f6n:&nbsp;<a href=\"https:\/\/www.riistainfo.fi\/oma-riista-ohjeet\/\" target=\"_blank\" rel=\"noreferrer noopener\">https:\/\/www.riistainfo.fi\/oma-riista-ohjeet\/<\/a>.<\/p>\n<!-- \/wp:paragraph -->\t\t\t\t<\/div>\n\t\t\t\n\t\t\t\t\t\t\t\t\t<\/article>\n\t\t\t\t\t\t\t\t\t\t\t\t\t<div class=\"uagb-post-pagination-wrap\">\n\t\t\t\t\t\t<span aria-current=\"page\" class=\"page-numbers current\">1<\/span>\n<a class=\"page-numbers\" href=\"https:\/\/www.kolarinrhy.fi\/index.php?rest_route=%2Fwp%2Fv2%2Fpages%2F913&#038;paged=2\">2<\/a>\n<a class=\"next page-numbers\" href=\"https:\/\/www.kolarinrhy.fi\/index.php?rest_route=%2Fwp%2Fv2%2Fpages%2F913&#038;paged=2\">Seuraava \u00bb<\/a>\t\t\t\t\t<\/div>\n\t\t\t\t\t\t\t\t<\/div>\n\t\t\t<\/div><\/div>\n","protected":false},"excerpt":{"rendered":"<p>Kolarin riistanhoitoyhdistys Ajankohtaiset<\/p>\n","protected":false},"author":1,"featured_media":0,"parent":0,"menu_order":0,"comment_status":"closed","ping_status":"closed","template":"","meta":{"_uag_custom_page_level_css":"","site-sidebar-layout":"no-sidebar","site-content-layout":"plain-container","ast-site-content-layout":"full-width-container","site-content-style":"unboxed","site-sidebar-style":"unboxed","ast-global-header-display":"","ast-banner-title-visibility":"","ast-main-header-display":"","ast-hfb-above-header-display":"","ast-hfb-below-header-display":"","ast-hfb-mobile-header-display":"","site-post-title":"disabled","ast-breadcrumbs-content":"","ast-featured-img":"disabled","footer-sml-layout":"","ast-disable-related-posts":"","theme-transparent-header-meta":"enabled","adv-header-id-meta":"","stick-header-meta":"","header-above-stick-meta":"","header-main-stick-meta":"","header-below-stick-meta":"","astra-migrate-meta-layouts":"set","ast-page-background-enabled":"default","ast-page-background-meta":{"desktop":{"background-color":"","background-image":"","background-repeat":"repeat","background-position":"center center","background-size":"auto","background-attachment":"scroll","background-type":"","background-media":"","overlay-type":"","overlay-color":"","overlay-opacity":"","overlay-gradient":""},"tablet":{"background-color":"","background-image":"","background-repeat":"repeat","background-position":"center center","background-size":"auto","background-attachment":"scroll","background-type":"","background-media":"","overlay-type":"","overlay-color":"","overlay-opacity":"","overlay-gradient":""},"mobile":{"background-color":"","background-image":"","background-repeat":"repeat","background-position":"center center","background-size":"auto","background-attachment":"scroll","background-type":"","background-media":"","overlay-type":"","overlay-color":"","overlay-opacity":"","overlay-gradient":""}},"ast-content-background-meta":{"desktop":{"background-color":"var(--ast-global-color-5)","background-image":"","background-repeat":"repeat","background-position":"center center","background-size":"auto","background-attachment":"scroll","background-type":"","background-media":"","overlay-type":"","overlay-color":"","overlay-opacity":"","overlay-gradient":""},"tablet":{"background-color":"var(--ast-global-color-5)","background-image":"","background-repeat":"repeat","background-position":"center center","background-size":"auto","background-attachment":"scroll","background-type":"","background-media":"","overlay-type":"","overlay-color":"","overlay-opacity":"","overlay-gradient":""},"mobile":{"background-color":"var(--ast-global-color-5)","background-image":"","background-repeat":"repeat","background-position":"center center","background-size":"auto","background-attachment":"scroll","background-type":"","background-media":"","overlay-type":"","overlay-color":"","overlay-opacity":"","overlay-gradient":""}},"_mc_calendar":[],"footnotes":""},"class_list":["post-913","page","type-page","status-publish","hentry"],"uagb_featured_image_src":{"full":false,"thumbnail":false,"medium":false,"medium_large":false,"large":false,"1536x1536":false,"2048x2048":false},"uagb_author_info":{"display_name":"Ari Unga","author_link":"https:\/\/www.kolarinrhy.fi\/?author=1"},"uagb_comment_info":0,"uagb_excerpt":"Kolarin riistanhoitoyhdistys Ajankohtaiset","_links":{"self":[{"href":"https:\/\/www.kolarinrhy.fi\/index.php?rest_route=\/wp\/v2\/pages\/913","targetHints":{"allow":["GET"]}}],"collection":[{"href":"https:\/\/www.kolarinrhy.fi\/index.php?rest_route=\/wp\/v2\/pages"}],"about":[{"href":"https:\/\/www.kolarinrhy.fi\/index.php?rest_route=\/wp\/v2\/types\/page"}],"author":[{"embeddable":true,"href":"https:\/\/www.kolarinrhy.fi\/index.php?rest_route=\/wp\/v2\/users\/1"}],"replies":[{"embeddable":true,"href":"https:\/\/www.kolarinrhy.fi\/index.php?rest_route=%2Fwp%2Fv2%2Fcomments&post=913"}],"version-history":[{"count":30,"href":"https:\/\/www.kolarinrhy.fi\/index.php?rest_route=\/wp\/v2\/pages\/913\/revisions"}],"predecessor-version":[{"id":1629,"href":"https:\/\/www.kolarinrhy.fi\/index.php?rest_route=\/wp\/v2\/pages\/913\/revisions\/1629"}],"wp:attachment":[{"href":"https:\/\/www.kolarinrhy.fi\/index.php?rest_route=%2Fwp%2Fv2%2Fmedia&parent=913"}],"curies":[{"name":"wp","href":"https:\/\/api.w.org\/{rel}","templated":true}]}}